{"id":475,"date":"2018-11-24T10:00:31","date_gmt":"2018-11-24T10:00:31","guid":{"rendered":"http:\/\/pluginspoint.com\/dustrial\/?page_id=475"},"modified":"2018-11-24T10:00:31","modified_gmt":"2018-11-24T10:00:31","slug":"blog-3-columns","status":"publish","type":"page","link":"https:\/\/hengjinruilift.com\/es\/blog-3-columns\/","title":{"rendered":"Blog 3 columnas"},"content":{"rendered":"<div class=\"wpb-content-wrapper\"><div class=\"vc_row wpb_row vc_row-fluid vc_custom_1543053740779\"><div class=\"wpb_column vc_column_container vc_col-sm-12\"><div class=\"vc_column-inner\"><div class=\"wpb_wrapper\">\n  \n\n      <div class=\"row\">\n      \n      <div class=\"col-12 col-md-6 col-lg-4\">\n        <div class=\"blog-item69da10b6cfebd style-three single-blog\">\n                        <div class=\"single-blog-thumb\">\n                <a href=\"https:\/\/hengjinruilift.com\/es\/another-batch-of-self-propelled-hydraulic-scissor-lifts-is-about-to-depart\/\">\n                  <img loading=\"lazy\" decoding=\"async\" width=\"362\" height=\"262\" src=\"https:\/\/hengjinruilift.com\/wp-content\/uploads\/2025\/08\/\u5fae\u4fe1\u56fe\u7247_2025-08-26_092434_636_\u526f\u672c-362x262.jpg\" class=\"img-fluid wp-post-image\" alt=\"\" srcset=\"https:\/\/hengjinruilift.com\/wp-content\/uploads\/2025\/08\/\u5fae\u4fe1\u56fe\u7247_2025-08-26_092434_636_\u526f\u672c-362x262.jpg 362w, https:\/\/hengjinruilift.com\/wp-content\/uploads\/2025\/08\/\u5fae\u4fe1\u56fe\u7247_2025-08-26_092434_636_\u526f\u672c-16x12.jpg 16w\" sizes=\"auto, (max-width: 362px) 100vw, 362px\" \/>                  <span class=\"icon\"><i class=\"fa fa-link\"><\/i><\/span>\n                <\/a>\n              <\/div>\n                        <div class=\"content\">\n            <div class=\"entry-meta\">\n                              <div class=\"author\">\n                  By <a href=\"https:\/\/hengjinruilift.com\/es\/author\/clintonjafferson753\/\">Hengjinrui Lift<\/a>\n                <\/div>\n                              <div class=\"month\">\n                  <a href=\"https:\/\/hengjinruilift.com\/es\/another-batch-of-self-propelled-hydraulic-scissor-lifts-is-about-to-depart\/\">agosto 26, 2025<\/a>\n                <\/div>\n                          <\/div>\n            <a href=\"https:\/\/hengjinruilift.com\/es\/another-batch-of-self-propelled-hydraulic-scissor-lifts-is-about-to-depart\/\" class=\"entry-title\">Another batch of self-propelled hydraulic scissor lifts is about to depart!<\/a>\n            <p class=\"entry-content\">Another batch of self-propelled hydraulic scissor lifts is about to depart! On August 26th, the weather in Jinan,<\/p>\n          <\/div>\n          <div class=\"entry-meta-footer\">\n            <ul>\n              <li class=\"read-more-btn\">\n                <a href=\"https:\/\/hengjinruilift.com\/es\/another-batch-of-self-propelled-hydraulic-scissor-lifts-is-about-to-depart\/\">Read More <i class=\"fa fa-angle-right\" aria-hidden=\"true\"><\/i><\/a>\n              <\/li>\n              <li class=\"comments-area\">\n                                  <a href=\"https:\/\/hengjinruilift.com\/es\/another-batch-of-self-propelled-hydraulic-scissor-lifts-is-about-to-depart\/#respond\"> <i class=\"fa fa-comments-o\" aria-hidden=\"true\"><\/i> Comments: 0<\/a>\n                              <\/li>\n            <\/ul>\n          <\/div>\n        <\/div>\n      <\/div>\n      \n      <div class=\"col-12 col-md-6 col-lg-4\">\n        <div class=\"blog-item69da10b6cfebd style-three single-blog\">\n                        <div class=\"single-blog-thumb\">\n                <a href=\"https:\/\/hengjinruilift.com\/es\/mr-jack-uses-a-stationary-scissor-lift-to-improve-the-efficiency-of-his-supermarket\/\">\n                  <img loading=\"lazy\" decoding=\"async\" width=\"362\" height=\"262\" src=\"https:\/\/hengjinruilift.com\/wp-content\/uploads\/2025\/08\/\u56fa\u526a53-362x262.png\" class=\"img-fluid wp-post-image\" alt=\"\" \/>                  <span class=\"icon\"><i class=\"fa fa-link\"><\/i><\/span>\n                <\/a>\n              <\/div>\n                        <div class=\"content\">\n            <div class=\"entry-meta\">\n                              <div class=\"author\">\n                  By <a href=\"https:\/\/hengjinruilift.com\/es\/author\/clintonjafferson753\/\">Hengjinrui Lift<\/a>\n                <\/div>\n                              <div class=\"month\">\n                  <a href=\"https:\/\/hengjinruilift.com\/es\/mr-jack-uses-a-stationary-scissor-lift-to-improve-the-efficiency-of-his-supermarket\/\">agosto 21, 2025<\/a>\n                <\/div>\n                          <\/div>\n            <a href=\"https:\/\/hengjinruilift.com\/es\/mr-jack-uses-a-stationary-scissor-lift-to-improve-the-efficiency-of-his-supermarket\/\" class=\"entry-title\">Mr. Jack uses a stationary scissor lift to improve the efficiency of his supermarket<\/a>\n            <p class=\"entry-content\">Mr. Jack runs a large supermarket in Kuala Lumpur, Malaysia. Thanks to his effective management, business is booming.<\/p>\n          <\/div>\n          <div class=\"entry-meta-footer\">\n            <ul>\n              <li class=\"read-more-btn\">\n                <a href=\"https:\/\/hengjinruilift.com\/es\/mr-jack-uses-a-stationary-scissor-lift-to-improve-the-efficiency-of-his-supermarket\/\">Read More <i class=\"fa fa-angle-right\" aria-hidden=\"true\"><\/i><\/a>\n              <\/li>\n              <li class=\"comments-area\">\n                                  <a href=\"https:\/\/hengjinruilift.com\/es\/mr-jack-uses-a-stationary-scissor-lift-to-improve-the-efficiency-of-his-supermarket\/#respond\"> <i class=\"fa fa-comments-o\" aria-hidden=\"true\"><\/i> Comments: 0<\/a>\n                              <\/li>\n            <\/ul>\n          <\/div>\n        <\/div>\n      <\/div>\n      \n      <div class=\"col-12 col-md-6 col-lg-4\">\n        <div class=\"blog-item69da10b6cfebd style-three single-blog\">\n                        <div class=\"single-blog-thumb\">\n                <a href=\"https:\/\/hengjinruilift.com\/es\/english-version-about-us-heng-jinrui-shandong-intelligent-manufacturing-co-ltd\/\">\n                  <img loading=\"lazy\" decoding=\"async\" width=\"362\" height=\"262\" src=\"https:\/\/hengjinruilift.com\/wp-content\/uploads\/2025\/04\/001-14-362x262.jpg\" class=\"img-fluid wp-post-image\" alt=\"\" \/>                  <span class=\"icon\"><i class=\"fa fa-link\"><\/i><\/span>\n                <\/a>\n              <\/div>\n                        <div class=\"content\">\n            <div class=\"entry-meta\">\n                              <div class=\"author\">\n                  By <a href=\"https:\/\/hengjinruilift.com\/es\/author\/clintonjafferson753\/\">Hengjinrui Lift<\/a>\n                <\/div>\n                              <div class=\"month\">\n                  <a href=\"https:\/\/hengjinruilift.com\/es\/english-version-about-us-heng-jinrui-shandong-intelligent-manufacturing-co-ltd\/\">22 de mayo de 2025<\/a>\n                <\/div>\n                          <\/div>\n            <a href=\"https:\/\/hengjinruilift.com\/es\/english-version-about-us-heng-jinrui-shandong-intelligent-manufacturing-co-ltd\/\" class=\"entry-title\">Acerca de nosotros - Heng Jinrui (Shandong) Intelligent Manufacturing Co., Ltd.<\/a>\n            <p class=\"entry-content\">Heng Jinrui (Shandong) Intelligent Manufacturing Co, Ltd., fundada en 2017, es un fabricante profesional especializado en la I+D,<\/p>\n          <\/div>\n          <div class=\"entry-meta-footer\">\n            <ul>\n              <li class=\"read-more-btn\">\n                <a href=\"https:\/\/hengjinruilift.com\/es\/english-version-about-us-heng-jinrui-shandong-intelligent-manufacturing-co-ltd\/\">Read More <i class=\"fa fa-angle-right\" aria-hidden=\"true\"><\/i><\/a>\n              <\/li>\n              <li class=\"comments-area\">\n                                  <a href=\"https:\/\/hengjinruilift.com\/es\/english-version-about-us-heng-jinrui-shandong-intelligent-manufacturing-co-ltd\/#respond\"> <i class=\"fa fa-comments-o\" aria-hidden=\"true\"><\/i> Comments: 0<\/a>\n                              <\/li>\n            <\/ul>\n          <\/div>\n        <\/div>\n      <\/div>\n      \n      <div class=\"col-12 col-md-6 col-lg-4\">\n        <div class=\"blog-item69da10b6cfebd style-three single-blog\">\n                        <div class=\"single-blog-thumb\">\n                <a href=\"https:\/\/hengjinruilift.com\/es\/introduction-and-advantages-of-dock-levelers\/\">\n                  <img loading=\"lazy\" decoding=\"async\" width=\"362\" height=\"262\" src=\"https:\/\/hengjinruilift.com\/wp-content\/uploads\/2025\/05\/001-6-362x262.jpg\" class=\"img-fluid wp-post-image\" alt=\"\" \/>                  <span class=\"icon\"><i class=\"fa fa-link\"><\/i><\/span>\n                <\/a>\n              <\/div>\n                        <div class=\"content\">\n            <div class=\"entry-meta\">\n                              <div class=\"author\">\n                  By <a href=\"https:\/\/hengjinruilift.com\/es\/author\/clintonjafferson753\/\">Hengjinrui Lift<\/a>\n                <\/div>\n                              <div class=\"month\">\n                  <a href=\"https:\/\/hengjinruilift.com\/es\/introduction-and-advantages-of-dock-levelers\/\">22 de mayo de 2025<\/a>\n                <\/div>\n                          <\/div>\n            <a href=\"https:\/\/hengjinruilift.com\/es\/introduction-and-advantages-of-dock-levelers\/\" class=\"entry-title\">Introducci\u00f3n y ventajas de las rampas niveladoras<\/a>\n            <p class=\"entry-content\">En los modernos sectores de la log\u00edstica, el almacenamiento y la fabricaci\u00f3n, la eficacia de la carga y descarga repercute directamente en los costes de explotaci\u00f3n y en la productividad.<\/p>\n          <\/div>\n          <div class=\"entry-meta-footer\">\n            <ul>\n              <li class=\"read-more-btn\">\n                <a href=\"https:\/\/hengjinruilift.com\/es\/introduction-and-advantages-of-dock-levelers\/\">Read More <i class=\"fa fa-angle-right\" aria-hidden=\"true\"><\/i><\/a>\n              <\/li>\n              <li class=\"comments-area\">\n                                  <a href=\"https:\/\/hengjinruilift.com\/es\/introduction-and-advantages-of-dock-levelers\/#respond\"> <i class=\"fa fa-comments-o\" aria-hidden=\"true\"><\/i> Comments: 0<\/a>\n                              <\/li>\n            <\/ul>\n          <\/div>\n        <\/div>\n      <\/div>\n      \n      <div class=\"col-12 col-md-6 col-lg-4\">\n        <div class=\"blog-item69da10b6cfebd style-three single-blog\">\n                    <div class=\"content\">\n            <div class=\"entry-meta\">\n                              <div class=\"author\">\n                  By <a href=\"https:\/\/hengjinruilift.com\/es\/author\/clintonjafferson753\/\">Hengjinrui Lift<\/a>\n                <\/div>\n                              <div class=\"month\">\n                  <a href=\"https:\/\/hengjinruilift.com\/es\/the-maintenance-methods-for-lifting-platforms\/\">15 de abril de 2025<\/a>\n                <\/div>\n                          <\/div>\n            <a href=\"https:\/\/hengjinruilift.com\/es\/the-maintenance-methods-for-lifting-platforms\/\" class=\"entry-title\">Los m\u00e9todos de mantenimiento de las plataformas elevadoras<\/a>\n            <p class=\"entry-content\">Inspecciones peri\u00f3dicas: Compruebe peri\u00f3dicamente todas las piezas de la plataforma elevadora, incluidos el motor, el sistema hidr\u00e1ulico, el sistema de control y la plataforma,<\/p>\n          <\/div>\n          <div class=\"entry-meta-footer\">\n            <ul>\n              <li class=\"read-more-btn\">\n                <a href=\"https:\/\/hengjinruilift.com\/es\/the-maintenance-methods-for-lifting-platforms\/\">Read More <i class=\"fa fa-angle-right\" aria-hidden=\"true\"><\/i><\/a>\n              <\/li>\n              <li class=\"comments-area\">\n                                  <a href=\"https:\/\/hengjinruilift.com\/es\/the-maintenance-methods-for-lifting-platforms\/#respond\"> <i class=\"fa fa-comments-o\" aria-hidden=\"true\"><\/i> Comments: 0<\/a>\n                              <\/li>\n            <\/ul>\n          <\/div>\n        <\/div>\n      <\/div>\n      \n      <div class=\"col-12 col-md-6 col-lg-4\">\n        <div class=\"blog-item69da10b6cfebd style-three single-blog\">\n                        <div class=\"single-blog-thumb\">\n                <a href=\"https:\/\/hengjinruilift.com\/es\/precautions-for-using-fixed-dock-levelers-and-cargo-lifts\/\">\n                  <img loading=\"lazy\" decoding=\"async\" width=\"362\" height=\"262\" src=\"https:\/\/hengjinruilift.com\/wp-content\/uploads\/2025\/04\/T4aOc46ihtrzI7MdmPaYARADjo8-362x262.jpg\" class=\"img-fluid wp-post-image\" alt=\"\" \/>                  <span class=\"icon\"><i class=\"fa fa-link\"><\/i><\/span>\n                <\/a>\n              <\/div>\n                        <div class=\"content\">\n            <div class=\"entry-meta\">\n                              <div class=\"author\">\n                  By <a href=\"https:\/\/hengjinruilift.com\/es\/author\/clintonjafferson753\/\">Hengjinrui Lift<\/a>\n                <\/div>\n                              <div class=\"month\">\n                  <a href=\"https:\/\/hengjinruilift.com\/es\/precautions-for-using-fixed-dock-levelers-and-cargo-lifts\/\">14 de abril de 2025<\/a>\n                <\/div>\n                          <\/div>\n            <a href=\"https:\/\/hengjinruilift.com\/es\/precautions-for-using-fixed-dock-levelers-and-cargo-lifts\/\" class=\"entry-title\">Precauciones de uso de las plataformas niveladoras fijas y los elevadores de carga<\/a>\n            <p class=\"entry-content\">En primer lugar, aseg\u00farese siempre de que la plataforma est\u00e1 correctamente apoyada y suspendida durante el mantenimiento. Nunca intente realizar reparaciones sin<\/p>\n          <\/div>\n          <div class=\"entry-meta-footer\">\n            <ul>\n              <li class=\"read-more-btn\">\n                <a href=\"https:\/\/hengjinruilift.com\/es\/precautions-for-using-fixed-dock-levelers-and-cargo-lifts\/\">Read More <i class=\"fa fa-angle-right\" aria-hidden=\"true\"><\/i><\/a>\n              <\/li>\n              <li class=\"comments-area\">\n                                  <a href=\"https:\/\/hengjinruilift.com\/es\/precautions-for-using-fixed-dock-levelers-and-cargo-lifts\/#respond\"> <i class=\"fa fa-comments-o\" aria-hidden=\"true\"><\/i> Comments: 0<\/a>\n                              <\/li>\n            <\/ul>\n          <\/div>\n        <\/div>\n      <\/div>\n      \n      <div class=\"col-12 col-md-6 col-lg-4\">\n        <div class=\"blog-item69da10b6cfebd style-three single-blog\">\n                        <div class=\"single-blog-thumb\">\n                <a href=\"https:\/\/hengjinruilift.com\/es\/what-is-an-underground-car-lift-platform\/\">\n                  <img loading=\"lazy\" decoding=\"async\" width=\"362\" height=\"262\" src=\"https:\/\/hengjinruilift.com\/wp-content\/uploads\/2025\/04\/1742976691437-362x262.png\" class=\"img-fluid wp-post-image\" alt=\"\" \/>                  <span class=\"icon\"><i class=\"fa fa-link\"><\/i><\/span>\n                <\/a>\n              <\/div>\n                        <div class=\"content\">\n            <div class=\"entry-meta\">\n                              <div class=\"author\">\n                  By <a href=\"https:\/\/hengjinruilift.com\/es\/author\/clintonjafferson753\/\">Hengjinrui Lift<\/a>\n                <\/div>\n                              <div class=\"month\">\n                  <a href=\"https:\/\/hengjinruilift.com\/es\/what-is-an-underground-car-lift-platform\/\">14 de abril de 2025<\/a>\n                <\/div>\n                          <\/div>\n            <a href=\"https:\/\/hengjinruilift.com\/es\/what-is-an-underground-car-lift-platform\/\" class=\"entry-title\">\u00bfQu\u00e9 es una plataforma elevadora subterr\u00e1nea?<\/a>\n            <p class=\"entry-content\">Una plataforma elevadora subterr\u00e1nea, tambi\u00e9n conocida como plataforma elevadora de tijera, es un sistema de elevaci\u00f3n hidr\u00e1ulico especializado.<\/p>\n          <\/div>\n          <div class=\"entry-meta-footer\">\n            <ul>\n              <li class=\"read-more-btn\">\n                <a href=\"https:\/\/hengjinruilift.com\/es\/what-is-an-underground-car-lift-platform\/\">Read More <i class=\"fa fa-angle-right\" aria-hidden=\"true\"><\/i><\/a>\n              <\/li>\n              <li class=\"comments-area\">\n                                  <a href=\"https:\/\/hengjinruilift.com\/es\/what-is-an-underground-car-lift-platform\/#respond\"> <i class=\"fa fa-comments-o\" aria-hidden=\"true\"><\/i> Comments: 0<\/a>\n                              <\/li>\n            <\/ul>\n          <\/div>\n        <\/div>\n      <\/div>\n      \n      <div class=\"col-12 col-md-6 col-lg-4\">\n        <div class=\"blog-item69da10b6cfebd style-three single-blog\">\n                        <div class=\"single-blog-thumb\">\n                <a href=\"https:\/\/hengjinruilift.com\/es\/the-advantages-of-using-a-mobile-loading-ramp\/\">\n                  <img loading=\"lazy\" decoding=\"async\" width=\"362\" height=\"262\" src=\"https:\/\/hengjinruilift.com\/wp-content\/uploads\/2025\/04\/O1CN01d9FeZU2Jm6ukZrQ43_2216466329463-362x262.jpg\" class=\"img-fluid wp-post-image\" alt=\"\" \/>                  <span class=\"icon\"><i class=\"fa fa-link\"><\/i><\/span>\n                <\/a>\n              <\/div>\n                        <div class=\"content\">\n            <div class=\"entry-meta\">\n                              <div class=\"author\">\n                  By <a href=\"https:\/\/hengjinruilift.com\/es\/author\/clintonjafferson753\/\">Hengjinrui Lift<\/a>\n                <\/div>\n                              <div class=\"month\">\n                  <a href=\"https:\/\/hengjinruilift.com\/es\/the-advantages-of-using-a-mobile-loading-ramp\/\">12 de abril de 2025<\/a>\n                <\/div>\n                          <\/div>\n            <a href=\"https:\/\/hengjinruilift.com\/es\/the-advantages-of-using-a-mobile-loading-ramp\/\" class=\"entry-title\">Ventajas de utilizar una rampa de carga m\u00f3vil<\/a>\n            <p class=\"entry-content\">En las operaciones log\u00edsticas y de almac\u00e9n modernas, la eficacia y la flexibilidad son fundamentales. Una herramienta esencial que ayuda a las empresas a racionalizar<\/p>\n          <\/div>\n          <div class=\"entry-meta-footer\">\n            <ul>\n              <li class=\"read-more-btn\">\n                <a href=\"https:\/\/hengjinruilift.com\/es\/the-advantages-of-using-a-mobile-loading-ramp\/\">Read More <i class=\"fa fa-angle-right\" aria-hidden=\"true\"><\/i><\/a>\n              <\/li>\n              <li class=\"comments-area\">\n                                  <a href=\"https:\/\/hengjinruilift.com\/es\/the-advantages-of-using-a-mobile-loading-ramp\/#respond\"> <i class=\"fa fa-comments-o\" aria-hidden=\"true\"><\/i> Comments: 0<\/a>\n                              <\/li>\n            <\/ul>\n          <\/div>\n        <\/div>\n      <\/div>\n          <\/div>\n\n  <\/div><\/div><\/div><\/div>\n<\/div>","protected":false},"excerpt":{"rendered":"In modern logistics and warehouse operations, efficiency and flexibility are key. One essential tool that helps companies streamline their loading and unloading process is the mobile loading ramp. This versatile piece of equipment provides a smooth and reliable connection between ground level and trucks or containers, making it an ideal solution for facilities without fixed [...]","protected":false},"author":1,"featured_media":0,"parent":0,"menu_order":0,"comment_status":"closed","ping_status":"closed","template":"page-template\/blank-page-sidebar.php","meta":{"footnotes":""},"class_list":["post-475","page","type-page","status-publish","hentry"],"_links":{"self":[{"href":"https:\/\/hengjinruilift.com\/es\/wp-json\/wp\/v2\/pages\/475","targetHints":{"allow":["GET"]}}],"collection":[{"href":"https:\/\/hengjinruilift.com\/es\/wp-json\/wp\/v2\/pages"}],"about":[{"href":"https:\/\/hengjinruilift.com\/es\/wp-json\/wp\/v2\/types\/page"}],"author":[{"embeddable":true,"href":"https:\/\/hengjinruilift.com\/es\/wp-json\/wp\/v2\/users\/1"}],"replies":[{"embeddable":true,"href":"https:\/\/hengjinruilift.com\/es\/wp-json\/wp\/v2\/comments?post=475"}],"version-history":[{"count":0,"href":"https:\/\/hengjinruilift.com\/es\/wp-json\/wp\/v2\/pages\/475\/revisions"}],"wp:attachment":[{"href":"https:\/\/hengjinruilift.com\/es\/wp-json\/wp\/v2\/media?parent=475"}],"curies":[{"name":"wp","href":"https:\/\/api.w.org\/{rel}","templated":true}]}}