{"id":2343,"date":"2025-04-11T07:19:43","date_gmt":"2025-04-11T07:19:43","guid":{"rendered":"https:\/\/hengjinruilift.com\/?post_type=product&#038;p=2343"},"modified":"2025-08-23T06:06:00","modified_gmt":"2025-08-23T06:06:00","slug":"hydraulic-scissor-car-lift-platform-garage-building","status":"publish","type":"product","link":"https:\/\/hengjinruilift.com\/es\/producto\/hydraulic-scissor-car-lift-platform-garage-building\/","title":{"rendered":"Custom Hydraulic Scissor Car Lift Platform for Garage and Building"},"content":{"rendered":"<p>La plataforma elevadora de tijera para autom\u00f3viles es una soluci\u00f3n de elevaci\u00f3n hidr\u00e1ulica para cargas pesadas dise\u00f1ada para el transporte vertical de veh\u00edculos entre varias plantas. Con una estructura de acero reforzado y m\u00faltiples juegos de brazos de tijera, garantiza una elevaci\u00f3n suave y segura de veh\u00edculos pesados. Accionado por un sistema hidr\u00e1ulico y equipado con barandillas de seguridad, interruptores de fin de carrera y un panel de control, ofrece una gran capacidad de carga y un rendimiento fiable. Este elevador se utiliza ampliamente en salas de exposici\u00f3n de autom\u00f3viles, aparcamientos, centros de servicio 4S e instalaciones industriales para facilitar el movimiento eficiente entre el suelo y los niveles superiores o s\u00f3tanos.<\/p>\n<p><strong>Escenarios de aplicaci\u00f3n:<\/strong><\/p>\n<p>Salas de exposici\u00f3n de coches y centros 4S: Para mover verticalmente los veh\u00edculos de exposici\u00f3n a trav\u00e9s de los pisos para maximizar el espacio y mejorar la presentaci\u00f3n.<\/p>\n<p>Aparcamientos multinivel y garajes subterr\u00e1neos: Una soluci\u00f3n ideal para acceder a aparcamientos subterr\u00e1neos o superiores sin necesidad de largas rampas.<\/p>\n<p>Plantas industriales y centros log\u00edsticos: Se utilizan para elevar veh\u00edculos o cargas entre zonas de muelles y entreplantas.<\/p>\n<p>Talleres de reparaci\u00f3n de veh\u00edculos: Permite trasladar c\u00f3modamente los veh\u00edculos entre plantas para las operaciones de mantenimiento.<\/p>\n<p><strong>Principales caracter\u00edsticas y ventajas:<\/strong><\/p>\n<p>Gran capacidad de carga: Opciones de carga personalizables desde 2 toneladas hasta m\u00e1s de 10 toneladas seg\u00fan sea necesario.<\/p>\n<p>Estructura estable: Configuraci\u00f3n multitijera reforzada para una elevaci\u00f3n equilibrada y fiable.<\/p>\n<p>Sistema de potencia hidr\u00e1ulica: Proporciona un gran rendimiento de elevaci\u00f3n para un uso frecuente.<\/p>\n<p>Dise\u00f1o de instalaci\u00f3n en foso: A ras del suelo cuando se baja, ahorrando espacio y mejorando la seguridad.<\/p>\n<p>Protecci\u00f3n de seguridad integral: Incluye finales de carrera, v\u00e1lvulas antideflagrantes y funci\u00f3n de descenso de emergencia en caso de corte de suministro el\u00e9ctrico.<\/p>\n<p>Totalmente personalizable: El tama\u00f1o de la plataforma, la altura de elevaci\u00f3n, el estilo de la barandilla y otras caracter\u00edsticas pueden adaptarse a sus necesidades espec\u00edficas.<\/p>\n<p>And, thankfully, our lift garages are incredibly easy to install\uff01<\/p>\n<p><img loading=\"lazy\" decoding=\"async\" class=\"wp-image-3366 aligncenter\" src=\"https:\/\/hengjinruilift.com\/wp-content\/uploads\/2025\/04\/\u8f66\u5e93\u5b89\u88c5-300x300.png\" alt=\"\" width=\"671\" height=\"671\" srcset=\"https:\/\/hengjinruilift.com\/wp-content\/uploads\/2025\/04\/\u8f66\u5e93\u5b89\u88c5-300x300.png 300w, https:\/\/hengjinruilift.com\/wp-content\/uploads\/2025\/04\/\u8f66\u5e93\u5b89\u88c5-1024x1024.png 1024w, https:\/\/hengjinruilift.com\/wp-content\/uploads\/2025\/04\/\u8f66\u5e93\u5b89\u88c5-150x150.png 150w, https:\/\/hengjinruilift.com\/wp-content\/uploads\/2025\/04\/\u8f66\u5e93\u5b89\u88c5-768x768.png 768w, https:\/\/hengjinruilift.com\/wp-content\/uploads\/2025\/04\/\u8f66\u5e93\u5b89\u88c5-12x12.png 12w, https:\/\/hengjinruilift.com\/wp-content\/uploads\/2025\/04\/\u8f66\u5e93\u5b89\u88c5-600x600.png 600w, https:\/\/hengjinruilift.com\/wp-content\/uploads\/2025\/04\/\u8f66\u5e93\u5b89\u88c5-100x100.png 100w, https:\/\/hengjinruilift.com\/wp-content\/uploads\/2025\/04\/\u8f66\u5e93\u5b89\u88c5.png 1200w\" sizes=\"auto, (max-width: 671px) 100vw, 671px\" \/><\/p>\n<p><strong>Escaparate de v\u00eddeo\uff1a<\/strong><\/p>\n<p><iframe loading=\"lazy\" width=\"560\" height=\"315\" src=\"https:\/\/www.youtube.com\/embed\/QYQagiVjIYw?si=boG8cdQmJhlzpFZz\" title=\"YouTube video player\" frameborder=\"0\" allow=\"accelerometer; autoplay; clipboard-write; encrypted-media; gyroscope; picture-in-picture; web-share\" referrerpolicy=\"strict-origin-when-cross-origin\" allowfullscreen><\/iframe>&nbsp;<\/p>","protected":false},"excerpt":{"rendered":"<p>Dise\u00f1o resistente - Construido con estructura de acero reforzado para soportar veh\u00edculos de forma segura y fiable.<\/p>\n<p>Mecanismo de tijera hidr\u00e1ulico - Garantiza una elevaci\u00f3n vertical suave y estable para turismos y camiones ligeros.<\/p>\n<p>Instalaci\u00f3n en foso: se integra perfectamente en el nivel del suelo, ahorrando espacio y mejorando la est\u00e9tica.<\/p>\n<p>Ideal para aparcamientos de varios niveles - Perfecto para chalets, garajes comerciales o edificios con acceso al s\u00f3tano.<\/p>\n<p>Soluciones personalizables - Disponibles en varios tama\u00f1os de plataforma, alturas de elevaci\u00f3n y capacidades de carga.<\/p>","protected":false},"featured_media":3364,"template":"","meta":[],"product_brand":[],"product_cat":[61],"product_tag":[],"class_list":{"0":"post-2343","1":"product","2":"type-product","3":"status-publish","4":"has-post-thumbnail","6":"product_cat-prodcut","8":"first","9":"instock","10":"shipping-taxable","11":"product-type-simple"},"_links":{"self":[{"href":"https:\/\/hengjinruilift.com\/es\/wp-json\/wp\/v2\/product\/2343","targetHints":{"allow":["GET"]}}],"collection":[{"href":"https:\/\/hengjinruilift.com\/es\/wp-json\/wp\/v2\/product"}],"about":[{"href":"https:\/\/hengjinruilift.com\/es\/wp-json\/wp\/v2\/types\/product"}],"wp:featuredmedia":[{"embeddable":true,"href":"https:\/\/hengjinruilift.com\/es\/wp-json\/wp\/v2\/media\/3364"}],"wp:attachment":[{"href":"https:\/\/hengjinruilift.com\/es\/wp-json\/wp\/v2\/media?parent=2343"}],"wp:term":[{"taxonomy":"product_brand","embeddable":true,"href":"https:\/\/hengjinruilift.com\/es\/wp-json\/wp\/v2\/product_brand?post=2343"},{"taxonomy":"product_cat","embeddable":true,"href":"https:\/\/hengjinruilift.com\/es\/wp-json\/wp\/v2\/product_cat?post=2343"},{"taxonomy":"product_tag","embeddable":true,"href":"https:\/\/hengjinruilift.com\/es\/wp-json\/wp\/v2\/product_tag?post=2343"}],"curies":[{"name":"wp","href":"https:\/\/api.w.org\/{rel}","templated":true}]}}