{"id":2393,"date":"2025-04-12T06:35:41","date_gmt":"2025-04-12T06:35:41","guid":{"rendered":"https:\/\/hengjinruilift.com\/?post_type=product&#038;p=2393"},"modified":"2025-08-22T08:27:12","modified_gmt":"2025-08-22T08:27:12","slug":"heavy-duty-hydraulic-freight-elevator-for-industrial-warehouses","status":"publish","type":"product","link":"https:\/\/hengjinruilift.com\/es\/producto\/heavy-duty-hydraulic-freight-elevator-for-industrial-warehouses\/","title":{"rendered":"Elevador hidr\u00e1ulico de carga pesado a medida para naves industriales"},"content":{"rendered":"<p>El elevador de carga de ra\u00edles gu\u00eda es un elevador hidr\u00e1ulico sin tijera dise\u00f1ado para el transporte vertical de mercanc\u00edas entre plantas. Funciona mediante una combinaci\u00f3n de ra\u00edles gu\u00eda, cadenas y cilindros hidr\u00e1ulicos para proporcionar una elevaci\u00f3n suave, segura y eficiente. Con una estructura compacta y requisitos de espacio m\u00ednimos, este elevador es ideal para instalaciones industriales, almacenes, entreplantas y centros log\u00edsticos en los que se requiere un movimiento de carga frecuente.<\/p>\n<p>Ofrecemos una personalizaci\u00f3n completa para adaptarnos a diferentes dimensiones de hueco, alturas de suelo, capacidades de carga y direcciones de entrada y salida, proporcionando soluciones integrales adaptadas a las necesidades de su aplicaci\u00f3n.<\/p>\n<p><strong>Escenarios de aplicaci\u00f3n:<\/strong><\/p>\n<p>Transporte a pie de f\u00e1brica: Permite el movimiento vertical de mercanc\u00edas entre niveles de f\u00e1brica a los que no llegan las carretillas elevadoras.<\/p>\n<p>Almacenes y centros log\u00edsticos: Aumenta la eficiencia en la manipulaci\u00f3n de materiales al tiempo que reduce el trabajo manual.<\/p>\n<p>L\u00edneas de producci\u00f3n automatizadas: Admite la transferencia de materiales de varias plantas en los procesos de fabricaci\u00f3n.<\/p>\n<p>Edificios comerciales \/ Trastiendas de supermercados: Una alternativa fiable a los montacargas para la reposici\u00f3n diaria de mercanc\u00edas.<\/p>\n<p>Acceso a entreplantas: Resuelve los problemas de carga y descarga vertical entre el suelo y las plataformas elevadas.<\/p>\n<p><strong>Caracter\u00edsticas principales:<\/strong><\/p>\n<p>Gran capacidad de carga: Personalizable desde 500 kg hasta 5 toneladas o m\u00e1s.<\/p>\n<p>Altura de desplazamiento ampliada: Admite alturas de elevaci\u00f3n de hasta 20 metros (normalmente de 2 a 6 pisos).<\/p>\n<p>Dise\u00f1o compacto: Instalaci\u00f3n sin foso disponible, ideal para renovaciones o zonas de espacio limitado.<\/p>\n<p>Funciones de seguridad integrales: Incluye cadenas antica\u00edda, finales de carrera, sistema de amortiguaci\u00f3n y enclavamientos el\u00e9ctricos.<\/p>\n<p>Configuraciones flexibles: Opciones de jaulas semicerradas o totalmente cerradas, puertas correderas o batientes, control remoto o por pulsador.<\/p>\n<p>Personalizaci\u00f3n completa disponible: El tama\u00f1o de la plataforma, el color, la capacidad de carga, la direcci\u00f3n de entrada\/salida y mucho m\u00e1s se pueden adaptar a su proyecto espec\u00edfico.<\/p>\n<p><strong>Escaparate de v\u00eddeo\uff1a<\/strong><\/p>\n<div style=\"width: 640px;\" class=\"wp-video\"><video class=\"wp-video-shortcode\" id=\"video-2393-1\" width=\"640\" height=\"360\" preload=\"metadata\" controls=\"controls\"><source type=\"video\/mp4\" src=\"https:\/\/hengjinruilift.com\/wp-content\/uploads\/2025\/04\/0d9167757a95104e556154dc57321b63_transcode.mp4?_=1\" \/><a href=\"https:\/\/hengjinruilift.com\/wp-content\/uploads\/2025\/04\/0d9167757a95104e556154dc57321b63_transcode.mp4\">https:\/\/hengjinruilift.com\/wp-content\/uploads\/2025\/04\/0d9167757a95104e556154dc57321b63_transcode.mp4<\/a><\/video><\/div>","protected":false},"excerpt":{"rendered":"<p>Robusto armaz\u00f3n de acero<br \/>\nConstruido con una estructura de acero de alta resistencia para garantizar la durabilidad a largo plazo y la seguridad durante las operaciones de elevaci\u00f3n.<\/p>\n<p>Sistema hidr\u00e1ulico eficiente<br \/>\nAccionado por una unidad hidr\u00e1ulica estable y fiable para un movimiento vertical suave y una gran capacidad de elevaci\u00f3n.<\/p>\n<p>Acceso multinivel<br \/>\nTransporta f\u00e1cilmente cargas entre plantas, ideal para almacenes, f\u00e1bricas y plataformas de entreplantas.<\/p>\n<p>Seguridad ante todo<br \/>\nEquipado con barandillas de malla, dispositivos antica\u00edda y botones de parada de emergencia para mejorar la seguridad de funcionamiento.<\/p>\n<p>Opciones personalizables<br \/>\nDisponible en varios tama\u00f1os de plataforma, capacidades de carga y alturas de desplazamiento para satisfacer los distintos requisitos de los proyectos.<\/p>","protected":false},"featured_media":3324,"template":"","meta":[],"product_brand":[],"product_cat":[61],"product_tag":[],"class_list":{"0":"post-2393","1":"product","2":"type-product","3":"status-publish","4":"has-post-thumbnail","6":"product_cat-prodcut","8":"first","9":"instock","10":"shipping-taxable","11":"product-type-simple"},"_links":{"self":[{"href":"https:\/\/hengjinruilift.com\/es\/wp-json\/wp\/v2\/product\/2393","targetHints":{"allow":["GET"]}}],"collection":[{"href":"https:\/\/hengjinruilift.com\/es\/wp-json\/wp\/v2\/product"}],"about":[{"href":"https:\/\/hengjinruilift.com\/es\/wp-json\/wp\/v2\/types\/product"}],"wp:featuredmedia":[{"embeddable":true,"href":"https:\/\/hengjinruilift.com\/es\/wp-json\/wp\/v2\/media\/3324"}],"wp:attachment":[{"href":"https:\/\/hengjinruilift.com\/es\/wp-json\/wp\/v2\/media?parent=2393"}],"wp:term":[{"taxonomy":"product_brand","embeddable":true,"href":"https:\/\/hengjinruilift.com\/es\/wp-json\/wp\/v2\/product_brand?post=2393"},{"taxonomy":"product_cat","embeddable":true,"href":"https:\/\/hengjinruilift.com\/es\/wp-json\/wp\/v2\/product_cat?post=2393"},{"taxonomy":"product_tag","embeddable":true,"href":"https:\/\/hengjinruilift.com\/es\/wp-json\/wp\/v2\/product_tag?post=2393"}],"curies":[{"name":"wp","href":"https:\/\/api.w.org\/{rel}","templated":true}]}}