{"id":2409,"date":"2025-04-12T06:55:48","date_gmt":"2025-04-12T06:55:48","guid":{"rendered":"https:\/\/hengjinruilift.com\/?post_type=product&#038;p=2409"},"modified":"2025-08-27T00:57:19","modified_gmt":"2025-08-27T00:57:19","slug":"360-degree-rotating-car-display-turntable-for-showroom-use","status":"publish","type":"product","link":"https:\/\/hengjinruilift.com\/es\/producto\/360-degree-rotating-car-display-turntable-for-showroom-use\/","title":{"rendered":"360-Degree Rotating Car Display Turntable Stage for Showroom Use"},"content":{"rendered":"<p>Se trata de un elevador giratorio de coches, ideal para garajes de lujo, salas de exposici\u00f3n, fotograf\u00eda de coches y entradas de aparcamientos subterr\u00e1neos. Est\u00e1 dise\u00f1ado para resolver el problema del espacio de giro limitado, al tiempo que mejora el atractivo tecnol\u00f3gico general y la sofisticaci\u00f3n del espacio.<\/p>\n<p>Caracter\u00edsticas del producto:<\/p>\n<p>Rotaci\u00f3n suave de 360\u00b0: Impulsado por un sistema de accionamiento el\u00e9ctrico, que admite tanto la rotaci\u00f3n en sentido horario como antihorario.<\/p>\n<p>Elegante y duradero: Equipado con una superficie de la placa de rodadura de aluminio antideslizante que es resistente a la corrosi\u00f3n y de alta capacidad de carga.<\/p>\n<p>Control inteligente: Mando a distancia opcional o sistema de autoposicionamiento para un control preciso de la rotaci\u00f3n.<\/p>\n<p>Instalaci\u00f3n flexible: Disponible en configuraciones de montaje en superficie o en foso para adaptarse a las diferentes condiciones del emplazamiento.<\/p>\n<p>Amplia compatibilidad: Apto para todo tipo de veh\u00edculos, incluyendo berlinas, todoterrenos y deportivos.<\/p>\n<p>Tanto para garajes privados como para entornos de exposici\u00f3n comerciales, esta plataforma giratoria ofrece funcionalidad y un llamativo impacto visual.<\/p>\n<p>Escaparate de v\u00eddeo\uff1a<\/p>\n<p><iframe loading=\"lazy\" title=\"YouTube video player\" src=\"https:\/\/www.youtube.com\/embed\/OgVHQdDomQE?si=rI-91-AUzeoTLO02\" width=\"560\" height=\"315\" frameborder=\"0\" allowfullscreen=\"allowfullscreen\"><\/iframe><\/p>","protected":false},"excerpt":{"rendered":"<p>Rotaci\u00f3n suave de 360<br \/>\nPermite que los veh\u00edculos giren sin esfuerzo, ofreciendo una visi\u00f3n de \u00e1ngulo completo a los clientes en salas de exposici\u00f3n y exhibiciones.<\/p>\n<p>Capacidad de carga pesada<br \/>\nDise\u00f1ado para admitir varios modelos de autom\u00f3viles, incluidas berlinas y todoterrenos, con un funcionamiento estable y silencioso.<\/p>\n<p>Iluminaci\u00f3n LED integrada (opcional)<br \/>\nLa iluminaci\u00f3n ambiental alrededor de la base a\u00f1ade un efecto visual moderno y mejora la presentaci\u00f3n general.<\/p>\n<p>Acabado duradero y superficie antideslizante<br \/>\nLos materiales de alta calidad de la superficie garantizan resistencia a los ara\u00f1azos, funcionalidad antideslizante y durabilidad a largo plazo.<\/p>\n<p>Opciones de control remoto y manual<br \/>\nControle f\u00e1cilmente la velocidad y la direcci\u00f3n de rotaci\u00f3n con un mando a distancia inal\u00e1mbrico o un sistema de control manual.<\/p>","protected":false},"featured_media":3271,"template":"","meta":[],"product_brand":[],"product_cat":[61],"product_tag":[],"class_list":{"0":"post-2409","1":"product","2":"type-product","3":"status-publish","4":"has-post-thumbnail","6":"product_cat-prodcut","8":"first","9":"instock","10":"shipping-taxable","11":"product-type-simple"},"_links":{"self":[{"href":"https:\/\/hengjinruilift.com\/es\/wp-json\/wp\/v2\/product\/2409","targetHints":{"allow":["GET"]}}],"collection":[{"href":"https:\/\/hengjinruilift.com\/es\/wp-json\/wp\/v2\/product"}],"about":[{"href":"https:\/\/hengjinruilift.com\/es\/wp-json\/wp\/v2\/types\/product"}],"wp:featuredmedia":[{"embeddable":true,"href":"https:\/\/hengjinruilift.com\/es\/wp-json\/wp\/v2\/media\/3271"}],"wp:attachment":[{"href":"https:\/\/hengjinruilift.com\/es\/wp-json\/wp\/v2\/media?parent=2409"}],"wp:term":[{"taxonomy":"product_brand","embeddable":true,"href":"https:\/\/hengjinruilift.com\/es\/wp-json\/wp\/v2\/product_brand?post=2409"},{"taxonomy":"product_cat","embeddable":true,"href":"https:\/\/hengjinruilift.com\/es\/wp-json\/wp\/v2\/product_cat?post=2409"},{"taxonomy":"product_tag","embeddable":true,"href":"https:\/\/hengjinruilift.com\/es\/wp-json\/wp\/v2\/product_tag?post=2409"}],"curies":[{"name":"wp","href":"https:\/\/api.w.org\/{rel}","templated":true}]}}