{"id":2524,"date":"2025-04-19T06:14:12","date_gmt":"2025-04-19T06:14:12","guid":{"rendered":"https:\/\/hengjinruilift.com\/?post_type=product&#038;p=2524"},"modified":"2025-08-22T01:46:41","modified_gmt":"2025-08-22T01:46:41","slug":"dock-leveler","status":"publish","type":"product","link":"https:\/\/hengjinruilift.com\/es\/producto\/dock-leveler\/","title":{"rendered":"Dock Leveler for Factory and Warehouse"},"content":{"rendered":"<p>Estructura del producto y aspectos t\u00e9cnicos destacados<\/p>\n<p>Sistema estructural<br \/>\nEl bastidor principal est\u00e1 soldado con tubos rectangulares de acero de Shanghai Baosteel, que ofrecen gran resistencia, excelente estabilidad y un dise\u00f1o ligero.<\/p>\n<p>La plataforma de trabajo est\u00e1 reforzada con una placa de acero de 6 mm de grosor, lo que garantiza la integridad estructural y la seguridad operativa.<\/p>\n<p>Los ejes estriados de los puntos de apoyo giratorios se someten a temple y revenido, lo que mejora la dureza superficial y el rendimiento mec\u00e1nico, prolongando as\u00ed su vida \u00fatil.<\/p>\n<p>Sistema hidr\u00e1ulico<br \/>\nLos cilindros hidr\u00e1ulicos proceden de Hebei Dayu, conocida por su fiabilidad y durabilidad.<\/p>\n<p>La estaci\u00f3n de bombeo integrada combina v\u00e1lvulas antirretorno, v\u00e1lvulas de alivio y electrov\u00e1lvulas en un dise\u00f1o compacto para reducir las fugas y mantener un alto rendimiento.<\/p>\n<p>Dispone de una v\u00e1lvula de corte de emergencia que permite el descenso seguro de la plataforma en caso de corte del suministro el\u00e9ctrico.<\/p>\n<p>Todas las juntas est\u00e1n fabricadas por la marca alemana \"Dessef\" (original importado), lo que garantiza un excelente rendimiento de sellado y durabilidad.<\/p>\n<p>Sistema el\u00e9ctrico<br \/>\nFunciona a una tensi\u00f3n segura para proteger al personal.<\/p>\n<p><strong>Modelo del producto\uff1a<\/strong><\/p>\n\n<table id=\"tablepress-1\" class=\"tablepress tablepress-id-1\">\n<thead>\n<tr class=\"row-1\">\n\t<th class=\"column-1\">Modelo\/Par\u00e1metro<\/th><th class=\"column-2\">DL8<\/th><th class=\"column-3\">DL10<\/th><th class=\"column-4\">DL12<\/th>\n<\/tr>\n<\/thead>\n<tbody class=\"row-striping row-hover\">\n<tr class=\"row-2\">\n\t<td class=\"column-1\">Sobremesa<\/td><td class=\"column-2\">\t2000mm*2500mm<\/td><td class=\"column-3\">2000mm*2500mm<\/td><td class=\"column-4\">2000mm*2500mm<\/td>\n<\/tr>\n<tr class=\"row-3\">\n\t<td class=\"column-1\">Carga nominal<\/td><td class=\"column-2\">8 toneladas<\/td><td class=\"column-3\">10 toneladas<\/td><td class=\"column-4\">12 toneladas<\/td>\n<\/tr>\n<tr class=\"row-4\">\n\t<td class=\"column-1\">Altura propia<\/td><td class=\"column-2\">600 mm<\/td><td class=\"column-3\">600 mm<\/td><td class=\"column-4\">600 mm<\/td>\n<\/tr>\n<tr class=\"row-5\">\n\t<td class=\"column-1\">Carrera de elevaci\u00f3n<\/td><td class=\"column-2\">400 mm arriba y 300 mm abajo\t<\/td><td class=\"column-3\">400 mm arriba y 300 mm abajo\t<\/td><td class=\"column-4\">400 mm arriba y 300 mm abajo\t<\/td>\n<\/tr>\n<tr class=\"row-6\">\n\t<td class=\"column-1\">Tama\u00f1o de la leng\u00fceta<\/td><td class=\"column-2\">\t2000mm*400mm<\/td><td class=\"column-3\">2000mm*400mm<\/td><td class=\"column-4\">2000mm*400mm<\/td>\n<\/tr>\n<tr class=\"row-7\">\n\t<td class=\"column-1\">Tama\u00f1o de la fosa<\/td><td class=\"column-2\">2500mm*2030mm*610mm<\/td><td class=\"column-3\">2500mm*2030mm*610mm<\/td><td class=\"column-4\">2500mm*2030mm*610mm<\/td>\n<\/tr>\n<tr class=\"row-8\">\n\t<td class=\"column-1\">Estructura principal del tablero<\/td><td class=\"column-2\">100*50*4mm<\/td><td class=\"column-3\">100*50*4mm<\/td><td class=\"column-4\">100*50*4mm<\/td>\n<\/tr>\n<tr class=\"row-9\">\n\t<td class=\"column-1\">Banco de trabajo<\/td><td class=\"column-2\">chapa de acero estriada de 6 mm<\/td><td class=\"column-3\">chapa de acero estriada de 6 mm<\/td><td class=\"column-4\">chapa de acero estriada de 6 mm<\/td>\n<\/tr>\n<tr class=\"row-10\">\n\t<td class=\"column-1\">Placa lingual<\/td><td class=\"column-2\">Placa cuadriculada de 14 mm<\/td><td class=\"column-3\">Placa cuadriculada de 14 mm<\/td><td class=\"column-4\">Placa cuadriculada de 14 mm<\/td>\n<\/tr>\n<tr class=\"row-11\">\n\t<td class=\"column-1\">Columna bajo bastidor<\/td><td class=\"column-2\">80*40*4mm<\/td><td class=\"column-3\">80*40*4mm<\/td><td class=\"column-4\">80*40*4mm<\/td>\n<\/tr>\n<tr class=\"row-12\">\n\t<td class=\"column-1\">Bastidor<\/td><td class=\"column-2\">Utilizando acero canal 10#<\/td><td class=\"column-3\">Utilizando acero canal 10#<\/td><td class=\"column-4\">Utilizando acero canal 10#<\/td>\n<\/tr>\n<tr class=\"row-13\">\n\t<td class=\"column-1\">M\u00e9todo de control<\/td><td class=\"column-2\">Uso del control de seguridad de 24 V<\/td><td class=\"column-3\">Uso del control de seguridad de 24 V<\/td><td class=\"column-4\">Uso del control de seguridad de 24 V<\/td>\n<\/tr>\n<tr class=\"row-14\">\n\t<td class=\"column-1\">Estaci\u00f3n de bombeo<\/td><td class=\"column-2\">1,1KW\/380V\/50HZ<\/td><td class=\"column-3\">1,1KW\/380V\/50HZ<\/td><td class=\"column-4\">1,1KW\/380V\/50HZ<\/td>\n<\/tr>\n<tr class=\"row-15\">\n\t<td class=\"column-1\">Cilindro principal<\/td><td class=\"column-2\">\t70#*1 pieza<\/td><td class=\"column-3\">70#*1 pieza<\/td><td class=\"column-4\">70#*1 pieza<\/td>\n<\/tr>\n<tr class=\"row-16\">\n\t<td class=\"column-1\">Cilindro de leng\u00fceta<\/td><td class=\"column-2\">40#*1 pieza<\/td><td class=\"column-3\">40#*1 pieza<\/td><td class=\"column-4\">40#*1 pieza<\/td>\n<\/tr>\n<tr class=\"row-17\">\n\t<td class=\"column-1\">Fald\u00f3n lateral<\/td><td class=\"column-2\">Chapa de acero de 2 mm<\/td><td class=\"column-3\">Chapa de acero de 2 mm<\/td><td class=\"column-4\">Chapa de acero de 2 mm<\/td>\n<\/tr>\n<tr class=\"row-18\">\n\t<td class=\"column-1\">Dep\u00f3sito de aceite<\/td><td class=\"column-2\">8 litros<\/td><td class=\"column-3\">8 litros<\/td><td class=\"column-4\">8 litros<\/td>\n<\/tr>\n<tr class=\"row-19\">\n\t<td class=\"column-1\">Tubo de aceite hidr\u00e1ulico<\/td><td class=\"column-2\">Tubo de goma<\/td><td class=\"column-3\">Tubo de goma<\/td><td class=\"column-4\">Tubo de goma<\/td>\n<\/tr>\n<tr class=\"row-20\">\n\t<td class=\"column-1\">Aceite hidr\u00e1ulico<\/td><td class=\"column-2\">Aceite hidr\u00e1ulico<\/td><td class=\"column-3\">Aceite hidr\u00e1ulico<\/td><td class=\"column-4\">Aceite hidr\u00e1ulico<\/td>\n<\/tr>\n<tr class=\"row-21\">\n\t<td class=\"column-1\">Bloqueo anticolisi\u00f3n<\/td><td class=\"column-2\">300*180*100mm<\/td><td class=\"column-3\">300*180*100mm<\/td><td class=\"column-4\">300*180*100mm<\/td>\n<\/tr>\n<tr class=\"row-22\">\n\t<td class=\"column-1\">Acabado del equipo<\/td><td class=\"column-2\">Azul cielo\/gris oscuro<\/td><td class=\"column-3\">Azul cielo\/gris oscuro<\/td><td class=\"column-4\">\tAzul cielo\/gris oscuro<\/td>\n<\/tr>\n<\/tbody>\n<\/table>\n<!-- #tablepress-1 from cache -->\n<p><strong>Algunos dibujos\uff1a<\/strong><\/p>\n<p><img loading=\"lazy\" decoding=\"async\" class=\"alignnone size-medium wp-image-2543\" src=\"https:\/\/hengjinruilift.com\/wp-content\/uploads\/2025\/04\/001-1-5-300x212.jpg\" alt=\"\" width=\"300\" height=\"212\" srcset=\"https:\/\/hengjinruilift.com\/wp-content\/uploads\/2025\/04\/001-1-5-300x212.jpg 300w, https:\/\/hengjinruilift.com\/wp-content\/uploads\/2025\/04\/001-1-5-1024x725.jpg 1024w, https:\/\/hengjinruilift.com\/wp-content\/uploads\/2025\/04\/001-1-5-768x543.jpg 768w, https:\/\/hengjinruilift.com\/wp-content\/uploads\/2025\/04\/001-1-5-1536x1087.jpg 1536w, https:\/\/hengjinruilift.com\/wp-content\/uploads\/2025\/04\/001-1-5-600x425.jpg 600w, https:\/\/hengjinruilift.com\/wp-content\/uploads\/2025\/04\/001-1-5.jpg 1754w\" sizes=\"auto, (max-width: 300px) 100vw, 300px\" \/><\/p>\n<p><img loading=\"lazy\" decoding=\"async\" class=\"alignnone size-medium wp-image-2544\" src=\"https:\/\/hengjinruilift.com\/wp-content\/uploads\/2025\/04\/001-2-5-300x212.jpg\" alt=\"\" width=\"300\" height=\"212\" srcset=\"https:\/\/hengjinruilift.com\/wp-content\/uploads\/2025\/04\/001-2-5-300x212.jpg 300w, https:\/\/hengjinruilift.com\/wp-content\/uploads\/2025\/04\/001-2-5-1024x725.jpg 1024w, https:\/\/hengjinruilift.com\/wp-content\/uploads\/2025\/04\/001-2-5-768x543.jpg 768w, https:\/\/hengjinruilift.com\/wp-content\/uploads\/2025\/04\/001-2-5-1536x1087.jpg 1536w, https:\/\/hengjinruilift.com\/wp-content\/uploads\/2025\/04\/001-2-5-600x425.jpg 600w, https:\/\/hengjinruilift.com\/wp-content\/uploads\/2025\/04\/001-2-5.jpg 1754w\" sizes=\"auto, (max-width: 300px) 100vw, 300px\" \/><\/p>\n<p><strong>Entrega a clientes\uff1a<\/strong><\/p>\n<p><img loading=\"lazy\" decoding=\"async\" class=\"alignnone size-medium wp-image-3233\" src=\"https:\/\/hengjinruilift.com\/wp-content\/uploads\/2025\/04\/63216ab9aef5fdaaa540c700627fe808-300x300.png\" alt=\"\" width=\"300\" height=\"300\" srcset=\"https:\/\/hengjinruilift.com\/wp-content\/uploads\/2025\/04\/63216ab9aef5fdaaa540c700627fe808-300x300.png 300w, https:\/\/hengjinruilift.com\/wp-content\/uploads\/2025\/04\/63216ab9aef5fdaaa540c700627fe808-150x150.png 150w, https:\/\/hengjinruilift.com\/wp-content\/uploads\/2025\/04\/63216ab9aef5fdaaa540c700627fe808-768x768.png 768w, https:\/\/hengjinruilift.com\/wp-content\/uploads\/2025\/04\/63216ab9aef5fdaaa540c700627fe808-12x12.png 12w, https:\/\/hengjinruilift.com\/wp-content\/uploads\/2025\/04\/63216ab9aef5fdaaa540c700627fe808-600x600.png 600w, https:\/\/hengjinruilift.com\/wp-content\/uploads\/2025\/04\/63216ab9aef5fdaaa540c700627fe808-100x100.png 100w, https:\/\/hengjinruilift.com\/wp-content\/uploads\/2025\/04\/63216ab9aef5fdaaa540c700627fe808.png 800w\" sizes=\"auto, (max-width: 300px) 100vw, 300px\" \/> <img loading=\"lazy\" decoding=\"async\" class=\"alignnone size-medium wp-image-3230\" src=\"https:\/\/hengjinruilift.com\/wp-content\/uploads\/2025\/04\/9bb993204877e6134fc1435974af5fee-300x300.png\" alt=\"\" width=\"300\" height=\"300\" srcset=\"https:\/\/hengjinruilift.com\/wp-content\/uploads\/2025\/04\/9bb993204877e6134fc1435974af5fee-300x300.png 300w, https:\/\/hengjinruilift.com\/wp-content\/uploads\/2025\/04\/9bb993204877e6134fc1435974af5fee-150x150.png 150w, https:\/\/hengjinruilift.com\/wp-content\/uploads\/2025\/04\/9bb993204877e6134fc1435974af5fee-768x768.png 768w, https:\/\/hengjinruilift.com\/wp-content\/uploads\/2025\/04\/9bb993204877e6134fc1435974af5fee-12x12.png 12w, https:\/\/hengjinruilift.com\/wp-content\/uploads\/2025\/04\/9bb993204877e6134fc1435974af5fee-600x600.png 600w, https:\/\/hengjinruilift.com\/wp-content\/uploads\/2025\/04\/9bb993204877e6134fc1435974af5fee-100x100.png 100w, https:\/\/hengjinruilift.com\/wp-content\/uploads\/2025\/04\/9bb993204877e6134fc1435974af5fee.png 800w\" sizes=\"auto, (max-width: 300px) 100vw, 300px\" \/> <img loading=\"lazy\" decoding=\"async\" class=\"alignnone size-medium wp-image-3232\" src=\"https:\/\/hengjinruilift.com\/wp-content\/uploads\/2025\/04\/31db2e2cd7545ceb3fab047f2262fc6d-300x300.png\" alt=\"\" width=\"300\" height=\"300\" srcset=\"https:\/\/hengjinruilift.com\/wp-content\/uploads\/2025\/04\/31db2e2cd7545ceb3fab047f2262fc6d-300x300.png 300w, https:\/\/hengjinruilift.com\/wp-content\/uploads\/2025\/04\/31db2e2cd7545ceb3fab047f2262fc6d-150x150.png 150w, https:\/\/hengjinruilift.com\/wp-content\/uploads\/2025\/04\/31db2e2cd7545ceb3fab047f2262fc6d-768x768.png 768w, https:\/\/hengjinruilift.com\/wp-content\/uploads\/2025\/04\/31db2e2cd7545ceb3fab047f2262fc6d-12x12.png 12w, https:\/\/hengjinruilift.com\/wp-content\/uploads\/2025\/04\/31db2e2cd7545ceb3fab047f2262fc6d-600x600.png 600w, https:\/\/hengjinruilift.com\/wp-content\/uploads\/2025\/04\/31db2e2cd7545ceb3fab047f2262fc6d-100x100.png 100w, https:\/\/hengjinruilift.com\/wp-content\/uploads\/2025\/04\/31db2e2cd7545ceb3fab047f2262fc6d.png 800w\" sizes=\"auto, (max-width: 300px) 100vw, 300px\" \/> <img loading=\"lazy\" decoding=\"async\" class=\"alignnone size-medium wp-image-3231\" src=\"https:\/\/hengjinruilift.com\/wp-content\/uploads\/2025\/04\/022efd281700694ea98f347b22514432-300x300.png\" alt=\"\" width=\"300\" height=\"300\" srcset=\"https:\/\/hengjinruilift.com\/wp-content\/uploads\/2025\/04\/022efd281700694ea98f347b22514432-300x300.png 300w, https:\/\/hengjinruilift.com\/wp-content\/uploads\/2025\/04\/022efd281700694ea98f347b22514432-150x150.png 150w, https:\/\/hengjinruilift.com\/wp-content\/uploads\/2025\/04\/022efd281700694ea98f347b22514432-768x768.png 768w, https:\/\/hengjinruilift.com\/wp-content\/uploads\/2025\/04\/022efd281700694ea98f347b22514432-12x12.png 12w, https:\/\/hengjinruilift.com\/wp-content\/uploads\/2025\/04\/022efd281700694ea98f347b22514432-600x600.png 600w, https:\/\/hengjinruilift.com\/wp-content\/uploads\/2025\/04\/022efd281700694ea98f347b22514432-100x100.png 100w, https:\/\/hengjinruilift.com\/wp-content\/uploads\/2025\/04\/022efd281700694ea98f347b22514432.png 800w\" sizes=\"auto, (max-width: 300px) 100vw, 300px\" \/><\/p>\n<p><strong>Fotos de nuestra f\u00e1brica\uff1a<\/strong><\/p>\n<p><img loading=\"lazy\" decoding=\"async\" class=\"alignnone size-medium wp-image-2584\" src=\"https:\/\/hengjinruilift.com\/wp-content\/uploads\/2025\/04\/001-23-300x225.jpg\" alt=\"\" width=\"300\" height=\"225\" srcset=\"https:\/\/hengjinruilift.com\/wp-content\/uploads\/2025\/04\/001-23-300x225.jpg 300w, https:\/\/hengjinruilift.com\/wp-content\/uploads\/2025\/04\/001-23-1024x768.jpg 1024w, https:\/\/hengjinruilift.com\/wp-content\/uploads\/2025\/04\/001-23-768x576.jpg 768w, https:\/\/hengjinruilift.com\/wp-content\/uploads\/2025\/04\/001-23-1536x1152.jpg 1536w, https:\/\/hengjinruilift.com\/wp-content\/uploads\/2025\/04\/001-23-2048x1536.jpg 2048w, https:\/\/hengjinruilift.com\/wp-content\/uploads\/2025\/04\/001-23-570x430.jpg 570w, https:\/\/hengjinruilift.com\/wp-content\/uploads\/2025\/04\/001-23-600x450.jpg 600w\" sizes=\"auto, (max-width: 300px) 100vw, 300px\" \/><img loading=\"lazy\" decoding=\"async\" class=\"alignnone size-medium wp-image-3234\" src=\"https:\/\/hengjinruilift.com\/wp-content\/uploads\/2025\/04\/\u5fae\u4fe1\u56fe\u7247_2022041209492114-300x203.jpg\" alt=\"\" width=\"300\" height=\"203\" srcset=\"https:\/\/hengjinruilift.com\/wp-content\/uploads\/2025\/04\/\u5fae\u4fe1\u56fe\u7247_2022041209492114-300x203.jpg 300w, https:\/\/hengjinruilift.com\/wp-content\/uploads\/2025\/04\/\u5fae\u4fe1\u56fe\u7247_2022041209492114-1024x691.jpg 1024w, https:\/\/hengjinruilift.com\/wp-content\/uploads\/2025\/04\/\u5fae\u4fe1\u56fe\u7247_2022041209492114-768x518.jpg 768w, https:\/\/hengjinruilift.com\/wp-content\/uploads\/2025\/04\/\u5fae\u4fe1\u56fe\u7247_2022041209492114-1536x1037.jpg 1536w, https:\/\/hengjinruilift.com\/wp-content\/uploads\/2025\/04\/\u5fae\u4fe1\u56fe\u7247_2022041209492114-2048x1382.jpg 2048w, https:\/\/hengjinruilift.com\/wp-content\/uploads\/2025\/04\/\u5fae\u4fe1\u56fe\u7247_2022041209492114-18x12.jpg 18w, https:\/\/hengjinruilift.com\/wp-content\/uploads\/2025\/04\/\u5fae\u4fe1\u56fe\u7247_2022041209492114-600x405.jpg 600w\" sizes=\"auto, (max-width: 300px) 100vw, 300px\" \/> <img loading=\"lazy\" decoding=\"async\" class=\"alignnone size-medium wp-image-3235\" src=\"https:\/\/hengjinruilift.com\/wp-content\/uploads\/2025\/04\/\u5fae\u4fe1\u56fe\u7247_2022041209492129-300x225.jpg\" alt=\"\" width=\"300\" height=\"225\" srcset=\"https:\/\/hengjinruilift.com\/wp-content\/uploads\/2025\/04\/\u5fae\u4fe1\u56fe\u7247_2022041209492129-300x225.jpg 300w, https:\/\/hengjinruilift.com\/wp-content\/uploads\/2025\/04\/\u5fae\u4fe1\u56fe\u7247_2022041209492129-1024x768.jpg 1024w, https:\/\/hengjinruilift.com\/wp-content\/uploads\/2025\/04\/\u5fae\u4fe1\u56fe\u7247_2022041209492129-768x576.jpg 768w, https:\/\/hengjinruilift.com\/wp-content\/uploads\/2025\/04\/\u5fae\u4fe1\u56fe\u7247_2022041209492129-1536x1152.jpg 1536w, https:\/\/hengjinruilift.com\/wp-content\/uploads\/2025\/04\/\u5fae\u4fe1\u56fe\u7247_2022041209492129-2048x1536.jpg 2048w, https:\/\/hengjinruilift.com\/wp-content\/uploads\/2025\/04\/\u5fae\u4fe1\u56fe\u7247_2022041209492129-16x12.jpg 16w, https:\/\/hengjinruilift.com\/wp-content\/uploads\/2025\/04\/\u5fae\u4fe1\u56fe\u7247_2022041209492129-570x430.jpg 570w, https:\/\/hengjinruilift.com\/wp-content\/uploads\/2025\/04\/\u5fae\u4fe1\u56fe\u7247_2022041209492129-600x450.jpg 600w\" sizes=\"auto, (max-width: 300px) 100vw, 300px\" \/><\/p>\n<p><strong>Video:<br \/>\n<iframe loading=\"lazy\" title=\"YouTube video player\" src=\"https:\/\/www.youtube.com\/embed\/k0ftzAMwrtU?si=kbRkmjHfQbMHQCLg\" width=\"560\" height=\"315\" frameborder=\"0\" allowfullscreen=\"allowfullscreen\"><\/iframe><\/strong><\/p>","protected":false},"excerpt":{"rendered":"<p>Potencia hidr\u00e1ulica para trabajos pesados<br \/>\nEquipada con un robusto sistema de elevaci\u00f3n hidr\u00e1ulica para transiciones de muelle a cami\u00f3n suaves y estables.<\/p>\n<p>M\u00faltiples opciones de capacidad<br \/>\nDisponible en los modelos DL6, DL8 y DL10 para soportar capacidades de carga de 6 a 10 toneladas.<\/p>\n<p>Construcci\u00f3n de acero duradero<br \/>\nConstruido con acero de alta resistencia y superficie antideslizante, garantiza un rendimiento duradero en entornos exigentes.<\/p>\n<p>F\u00e1cil manejo y mantenimiento<br \/>\nLos controles f\u00e1ciles de usar y el dise\u00f1o de bajo mantenimiento reducen el tiempo de inactividad y el esfuerzo de mano de obra.<\/p>\n<p>Perfecto para almacenes y centros log\u00edsticos<br \/>\nSoluci\u00f3n ideal para f\u00e1bricas, almacenes y centros de distribuci\u00f3n que requieren una nivelaci\u00f3n eficaz de los muelles de carga.<\/p>","protected":false},"featured_media":3237,"template":"","meta":[],"product_brand":[],"product_cat":[61],"product_tag":[],"class_list":{"0":"post-2524","1":"product","2":"type-product","3":"status-publish","4":"has-post-thumbnail","6":"product_cat-prodcut","8":"first","9":"instock","10":"sale","11":"shipping-taxable","12":"purchasable","13":"product-type-simple"},"_links":{"self":[{"href":"https:\/\/hengjinruilift.com\/es\/wp-json\/wp\/v2\/product\/2524","targetHints":{"allow":["GET"]}}],"collection":[{"href":"https:\/\/hengjinruilift.com\/es\/wp-json\/wp\/v2\/product"}],"about":[{"href":"https:\/\/hengjinruilift.com\/es\/wp-json\/wp\/v2\/types\/product"}],"wp:featuredmedia":[{"embeddable":true,"href":"https:\/\/hengjinruilift.com\/es\/wp-json\/wp\/v2\/media\/3237"}],"wp:attachment":[{"href":"https:\/\/hengjinruilift.com\/es\/wp-json\/wp\/v2\/media?parent=2524"}],"wp:term":[{"taxonomy":"product_brand","embeddable":true,"href":"https:\/\/hengjinruilift.com\/es\/wp-json\/wp\/v2\/product_brand?post=2524"},{"taxonomy":"product_cat","embeddable":true,"href":"https:\/\/hengjinruilift.com\/es\/wp-json\/wp\/v2\/product_cat?post=2524"},{"taxonomy":"product_tag","embeddable":true,"href":"https:\/\/hengjinruilift.com\/es\/wp-json\/wp\/v2\/product_tag?post=2524"}],"curies":[{"name":"wp","href":"https:\/\/api.w.org\/{rel}","templated":true}]}}