{"id":2652,"date":"2025-05-22T05:45:49","date_gmt":"2025-05-22T05:45:49","guid":{"rendered":"https:\/\/hengjinruilift.com\/?post_type=product&#038;p=2652"},"modified":"2025-08-22T02:19:08","modified_gmt":"2025-08-22T02:19:08","slug":"heavydutyscissorlift","status":"publish","type":"product","link":"https:\/\/hengjinruilift.com\/es\/producto\/heavydutyscissorlift\/","title":{"rendered":"Fixed Heavy-Duty Scissor Lift"},"content":{"rendered":"<p>Estamos especializados en la fabricaci\u00f3n de plataformas elevadoras de tijera para cargas pesadas en varios tama\u00f1os y configuraciones, adaptadas para satisfacer necesidades industriales exigentes como la manipulaci\u00f3n de equipos, la instalaci\u00f3n de moldes y la elevaci\u00f3n de cargas pesadas. Dise\u00f1adas con bastidores de acero engrosado y estructuras de tijera reforzadas, nuestras plataformas garantizan un rendimiento fiable en condiciones de carga elevada.<\/p>\n<p><strong>Caracter\u00edsticas principales:<\/strong><\/p>\n<p>Gran capacidad de carga: Plataformas fabricadas a medida para manejar 3 toneladas, 5 toneladas, 10 toneladas e incluso m\u00e1s de 30 toneladas.<\/p>\n<p>Dimensiones flexibles de la plataforma: Longitud, anchura y altura de elevaci\u00f3n totalmente personalizables en funci\u00f3n de su proyecto espec\u00edfico.<\/p>\n<p>Aplicaciones vers\u00e1tiles: Adecuado para instalaci\u00f3n en foso o en superficie; compatible con transportadores de rodillos y sistemas integrados.<\/p>\n<p>Construcci\u00f3n de grado industrial: Equipada con grandes cilindros hidr\u00e1ulicos y revestimiento antioxidante para una larga vida \u00fatil y durabilidad.<\/p>\n<p>Amplia gama de usos: Ideal para talleres, centros log\u00edsticos, \u00e1reas de manipulaci\u00f3n de moldes, plantas de automoci\u00f3n y obras de construcci\u00f3n.<\/p>\n<p><strong>Opciones personalizadas que ofrecemos:<\/strong><\/p>\n<p>Estructuras de tijera simples \/ dobles \/ multietapa<\/p>\n<p>Dise\u00f1os de elevador de gran recorrido para un mayor alcance vertical<\/p>\n<p>Configuraciones montadas en veh\u00edculos, fijas o instaladas en fosos<\/p>\n<p>Caracter\u00edsticas opcionales: dise\u00f1o a prueba de explosiones, tratamiento anticorrosi\u00f3n, armario de control, sistema de control remoto, etc.<\/p>\n<p><strong>video:<\/strong><br \/>\n<iframe loading=\"lazy\" width=\"560\" height=\"315\" src=\"https:\/\/www.youtube.com\/embed\/rkYfB7phgzw?si=DMFrM-LMto_mFJSz\" title=\"YouTube video player\" frameborder=\"0\" allow=\"accelerometer; autoplay; clipboard-write; encrypted-media; gyroscope; picture-in-picture; web-share\" referrerpolicy=\"strict-origin-when-cross-origin\" allowfullscreen><\/iframe>&nbsp;<\/p>","protected":false},"excerpt":{"rendered":"<p data-start=\"209\" data-end=\"562\">Esta mesa elevadora de tijera doble para trabajos pesados est\u00e1 dise\u00f1ada para operaciones de elevaci\u00f3n industrial de cargas elevadas. Construida con estructura de acero reforzado y cilindros hidr\u00e1ulicos dobles, garantiza un movimiento vertical estable y fiable para transferir mercanc\u00edas entre diferentes alturas. Ideal para muelles de carga de almacenes, l\u00edneas de producci\u00f3n y manipulaci\u00f3n de materiales a gran escala.<\/p>\n<p data-start=\"566\" data-end=\"610\">Tama\u00f1o de plataforma y capacidad de carga personalizados<\/p>\n<p data-start=\"613\" data-end=\"660\">Tijeras de doble etapa para una mayor altura de elevaci\u00f3n<\/p>\n<p data-start=\"663\" data-end=\"691\">Robusto bastidor con recubrimiento en polvo<\/p>\n<p data-start=\"694\" data-end=\"738\">Dispositivos de bloqueo de seguridad y v\u00e1lvula antigoteo<\/p>\n<p data-start=\"741\" data-end=\"787\">F\u00e1cil integraci\u00f3n con fosos o montaje en superficie<\/p>","protected":false},"featured_media":3245,"template":"","meta":[],"product_brand":[],"product_cat":[61],"product_tag":[],"class_list":{"0":"post-2652","1":"product","2":"type-product","3":"status-publish","4":"has-post-thumbnail","6":"product_cat-prodcut","8":"first","9":"instock","10":"sale","11":"shipping-taxable","12":"purchasable","13":"product-type-simple"},"_links":{"self":[{"href":"https:\/\/hengjinruilift.com\/es\/wp-json\/wp\/v2\/product\/2652","targetHints":{"allow":["GET"]}}],"collection":[{"href":"https:\/\/hengjinruilift.com\/es\/wp-json\/wp\/v2\/product"}],"about":[{"href":"https:\/\/hengjinruilift.com\/es\/wp-json\/wp\/v2\/types\/product"}],"wp:featuredmedia":[{"embeddable":true,"href":"https:\/\/hengjinruilift.com\/es\/wp-json\/wp\/v2\/media\/3245"}],"wp:attachment":[{"href":"https:\/\/hengjinruilift.com\/es\/wp-json\/wp\/v2\/media?parent=2652"}],"wp:term":[{"taxonomy":"product_brand","embeddable":true,"href":"https:\/\/hengjinruilift.com\/es\/wp-json\/wp\/v2\/product_brand?post=2652"},{"taxonomy":"product_cat","embeddable":true,"href":"https:\/\/hengjinruilift.com\/es\/wp-json\/wp\/v2\/product_cat?post=2652"},{"taxonomy":"product_tag","embeddable":true,"href":"https:\/\/hengjinruilift.com\/es\/wp-json\/wp\/v2\/product_tag?post=2652"}],"curies":[{"name":"wp","href":"https:\/\/api.w.org\/{rel}","templated":true}]}}